{"id":8,"date":"2021-06-20T15:29:51","date_gmt":"2021-06-20T13:29:51","guid":{"rendered":"https:\/\/vedeckestopovacky.zcu.cz\/?page_id=8"},"modified":"2021-06-20T15:29:51","modified_gmt":"2021-06-20T13:29:51","slug":"kontakt","status":"publish","type":"page","link":"https:\/\/vedeckestopovacky.zcu.cz\/index.php\/kontakt\/","title":{"rendered":"Kontakt"},"content":{"rendered":"\n<p>Tato str\u00e1nka obsahuje n\u011bkolik z\u00e1kladn\u00edch kontaktn\u00edch informac\u00ed, nap\u0159\u00edklad adresu a telefonn\u00ed \u010d\u00edslo. M\u016f\u017eete tak\u00e9 vyzkou\u0161et plugin pro p\u0159id\u00e1n\u00ed kontaktn\u00ed formul\u00e1\u0159e.<\/p>\n","protected":false},"excerpt":{"rendered":"<p>Tato str\u00e1nka obsahuje n\u011bkolik z\u00e1kladn\u00edch kontaktn\u00edch informac\u00ed, nap\u0159\u00edklad adresu a telefonn\u00ed \u010d\u00edslo. M\u016f\u017eete tak\u00e9 vyzkou\u0161et plugin pro p\u0159id\u00e1n\u00ed kontaktn\u00ed formul\u00e1\u0159e.<\/p>\n","protected":false},"author":2,"featured_media":0,"parent":0,"menu_order":0,"comment_status":"closed","ping_status":"closed","template":"","meta":[],"_links":{"self":[{"href":"https:\/\/vedeckestopovacky.zcu.cz\/index.php\/wp-json\/wp\/v2\/pages\/8"}],"collection":[{"href":"https:\/\/vedeckestopovacky.zcu.cz\/index.php\/wp-json\/wp\/v2\/pages"}],"about":[{"href":"https:\/\/vedeckestopovacky.zcu.cz\/index.php\/wp-json\/wp\/v2\/types\/page"}],"author":[{"embeddable":true,"href":"https:\/\/vedeckestopovacky.zcu.cz\/index.php\/wp-json\/wp\/v2\/users\/2"}],"replies":[{"embeddable":true,"href":"https:\/\/vedeckestopovacky.zcu.cz\/index.php\/wp-json\/wp\/v2\/comments?post=8"}],"version-history":[{"count":1,"href":"https:\/\/vedeckestopovacky.zcu.cz\/index.php\/wp-json\/wp\/v2\/pages\/8\/revisions"}],"predecessor-version":[{"id":13,"href":"https:\/\/vedeckestopovacky.zcu.cz\/index.php\/wp-json\/wp\/v2\/pages\/8\/revisions\/13"}],"wp:attachment":[{"href":"https:\/\/vedeckestopovacky.zcu.cz\/index.php\/wp-json\/wp\/v2\/media?parent=8"}],"curies":[{"name":"wp","href":"https:\/\/api.w.org\/{rel}","templated":true}]}}