{"id":7,"date":"2021-06-20T15:29:51","date_gmt":"2021-06-20T13:29:51","guid":{"rendered":"https:\/\/vedeckestopovacky.zcu.cz\/?page_id=7"},"modified":"2021-06-20T15:29:51","modified_gmt":"2021-06-20T13:29:51","slug":"o-nas","status":"publish","type":"page","link":"https:\/\/vedeckestopovacky.zcu.cz\/index.php\/o-nas\/","title":{"rendered":"O n\u00e1s"},"content":{"rendered":"\n<p>Mo\u017en\u00e1 jste um\u011blec a r\u00e1d byste zde p\u0159edstavil sebe a svoji pr\u00e1ci nebo podnik\u00e1te a chcete popsat sv\u016fj obchodn\u00ed z\u00e1m\u011br.<\/p>\n","protected":false},"excerpt":{"rendered":"<p>Mo\u017en\u00e1 jste um\u011blec a r\u00e1d byste zde p\u0159edstavil sebe a svoji pr\u00e1ci nebo podnik\u00e1te a chcete popsat sv\u016fj obchodn\u00ed z\u00e1m\u011br.<\/p>\n","protected":false},"author":2,"featured_media":0,"parent":0,"menu_order":0,"comment_status":"closed","ping_status":"closed","template":"","meta":[],"_links":{"self":[{"href":"https:\/\/vedeckestopovacky.zcu.cz\/index.php\/wp-json\/wp\/v2\/pages\/7"}],"collection":[{"href":"https:\/\/vedeckestopovacky.zcu.cz\/index.php\/wp-json\/wp\/v2\/pages"}],"about":[{"href":"https:\/\/vedeckestopovacky.zcu.cz\/index.php\/wp-json\/wp\/v2\/types\/page"}],"author":[{"embeddable":true,"href":"https:\/\/vedeckestopovacky.zcu.cz\/index.php\/wp-json\/wp\/v2\/users\/2"}],"replies":[{"embeddable":true,"href":"https:\/\/vedeckestopovacky.zcu.cz\/index.php\/wp-json\/wp\/v2\/comments?post=7"}],"version-history":[{"count":1,"href":"https:\/\/vedeckestopovacky.zcu.cz\/index.php\/wp-json\/wp\/v2\/pages\/7\/revisions"}],"predecessor-version":[{"id":12,"href":"https:\/\/vedeckestopovacky.zcu.cz\/index.php\/wp-json\/wp\/v2\/pages\/7\/revisions\/12"}],"wp:attachment":[{"href":"https:\/\/vedeckestopovacky.zcu.cz\/index.php\/wp-json\/wp\/v2\/media?parent=7"}],"curies":[{"name":"wp","href":"https:\/\/api.w.org\/{rel}","templated":true}]}}