{"id":6,"date":"2021-06-20T15:29:51","date_gmt":"2021-06-20T13:29:51","guid":{"rendered":"https:\/\/vedeckestopovacky.zcu.cz\/?page_id=6"},"modified":"2021-06-20T15:31:18","modified_gmt":"2021-06-20T13:31:18","slug":"vytvorte-si-svuj-web-s-bloky","status":"publish","type":"page","link":"https:\/\/vedeckestopovacky.zcu.cz\/","title":{"rendered":"Vytvo\u0159te si sv\u016fj web s bloky"},"content":{"rendered":"\n<h2 class=\"alignwide has-text-align-wide has-gigantic-font-size\" style=\"line-height:1.1\">Vytvo\u0159te si sv\u016fj web s bloky<\/h2>\n\n\n\n<div style=\"height:100px\" aria-hidden=\"true\" class=\"wp-block-spacer\"><\/div>\n\n\n\n<div class=\"wp-block-columns alignwide are-vertically-aligned-center is-style-twentytwentyone-columns-overlap\">\n<div class=\"wp-block-column is-vertically-aligned-center\">\n<figure class=\"wp-block-image alignfull size-large\"><img src=\"https:\/\/vedeckestopovacky.zcu.cz\/wp-content\/themes\/twentytwentyone\/assets\/images\/roses-tremieres-hollyhocks-1884.jpg\" alt=\"\u201cR\u016f\u017ee Tremieres\u201d od Berthe Morisot\"\/><\/figure>\n\n\n\n<div style=\"height:100px\" aria-hidden=\"true\" class=\"wp-block-spacer\"><\/div>\n\n\n\n<figure class=\"wp-block-image alignfull size-large is-style-twentytwentyone-image-frame\"><img src=\"https:\/\/vedeckestopovacky.zcu.cz\/wp-content\/themes\/twentytwentyone\/assets\/images\/in-the-bois-de-boulogne.jpg\" alt=\"\u201cV Bois de Boulogne\u201d od Berthe Morisot\"\/><\/figure>\n<\/div>\n\n\n\n<div class=\"wp-block-column is-vertically-aligned-center\">\n<div style=\"height:100px\" aria-hidden=\"true\" class=\"wp-block-spacer\"><\/div>\n\n\n\n<figure class=\"wp-block-image size-large alignfull size-full is-style-twentytwentyone-border\"><img src=\"https:\/\/vedeckestopovacky.zcu.cz\/wp-content\/themes\/twentytwentyone\/assets\/images\/young-woman-in-mauve.jpg\" alt=\"\u201cMlad\u00e1 \u017eena v Mauve\u201d od Berthe Morisot\"\/><\/figure>\n<\/div>\n<\/div>\n\n\n\n<div style=\"height:50px\" aria-hidden=\"true\" class=\"wp-block-spacer\"><\/div>\n\n\n\n<div class=\"wp-block-columns alignwide are-vertically-aligned-top\">\n<div class=\"wp-block-column is-vertically-aligned-top\">\n<h3>P\u0159idat blokov\u00e9 vzory<\/h3>\n\n\n\n<p>Blokov\u00e9 vzory jsou p\u0159edem navr\u017een\u00e9 skupiny blok\u016f. Chcete-li p\u0159idat, vyberte tla\u010d\u00edtko P\u0159idat blok [+] na panelu n\u00e1stroj\u016f v horn\u00ed \u010d\u00e1sti editoru. P\u0159epn\u011bte na kartu Vzory pod vyhled\u00e1vac\u00ed li\u0161tou a vyberte vzorek.<\/p>\n<\/div>\n\n\n\n<div class=\"wp-block-column is-vertically-aligned-top\">\n<h3>Zar\u00e1mujte obr\u00e1zky<\/h3>\n\n\n\n<p>Twenty Twenty-One obsahuje stylov\u00e9 ohrani\u010den\u00ed pro v\u00e1\u0161 obsah. Je-li vybr\u00e1n blok obr\u00e1zk\u016f, otev\u0159ete panel \u201eStyly\u201c v postrann\u00edm panelu editoru. Chcete-li jej aktivovat, vyberte styl bloku \u201eR\u00e1m\u201c.<\/p>\n<\/div>\n\n\n\n<div class=\"wp-block-column is-vertically-aligned-top\">\n<h3>P\u0159ekr\u00fdvaj\u00edc\u00ed se sloupce<\/h3>\n\n\n\n<p>Twenty Twenty-One tak\u00e9 obsahuje styl p\u0159ekryt\u00ed pro bloky sloupc\u016f. Je-li vybr\u00e1n blok Sloupce, otev\u0159ete panel \u201eStyly\u201c na postrann\u00edm panelu editoru. Vyberte styl bloku \u201eP\u0159ekr\u00fdv\u00e1n\u00ed\u201c a vyzkou\u0161ejte to.<\/p>\n<\/div>\n<\/div>\n\n\n\n<div style=\"height:100px\" aria-hidden=\"true\" class=\"wp-block-spacer\"><\/div>\n\n\n\n<div class=\"wp-block-cover alignwide has-green-background-color has-background-dim is-style-twentytwentyone-border\"><div class=\"wp-block-cover__inner-container\">\n<div style=\"height:20px\" aria-hidden=\"true\" class=\"wp-block-spacer\"><\/div>\n\n\n\n<p class=\"has-huge-font-size\">Pot\u0159ebujete pomoc?<\/p>\n\n\n\n<div style=\"height:75px\" aria-hidden=\"true\" class=\"wp-block-spacer\"><\/div>\n\n\n\n<div class=\"wp-block-columns\">\n<div class=\"wp-block-column\">\n<p><a href=\"https:\/\/wordpress.org\/support\/article\/twenty-twenty-one\/\">P\u0159e\u010d\u00edst dokumentaci \u0161ablony<\/a><\/p>\n<\/div>\n\n\n\n<div class=\"wp-block-column\">\n<p><a href=\"https:\/\/wordpress.org\/support\/theme\/twentytwentyone\/\">Nav\u0161t\u00edvit f\u00f3rum pro pomoc<\/a><\/p>\n<\/div>\n<\/div>\n\n\n\n<div style=\"height:20px\" aria-hidden=\"true\" class=\"wp-block-spacer\"><\/div>\n<\/div><\/div>\n","protected":false},"excerpt":{"rendered":"<p>Vytvo\u0159te si sv\u016fj web s bloky P\u0159idat blokov\u00e9 vzory Blokov\u00e9 vzory jsou p\u0159edem navr\u017een\u00e9 skupiny blok\u016f. Chcete-li p\u0159idat, vyberte tla\u010d\u00edtko P\u0159idat blok [+] na panelu n\u00e1stroj\u016f v horn\u00ed \u010d\u00e1sti editoru. P\u0159epn\u011bte na kartu Vzory pod vyhled\u00e1vac\u00ed li\u0161tou a vyberte vzorek. Zar\u00e1mujte obr\u00e1zky Twenty Twenty-One obsahuje stylov\u00e9 ohrani\u010den\u00ed pro v\u00e1\u0161 obsah. Je-li vybr\u00e1n blok obr\u00e1zk\u016f, otev\u0159ete&hellip; <a class=\"more-link\" href=\"https:\/\/vedeckestopovacky.zcu.cz\/\">Pokra\u010dovat ve\u00a0\u010dten\u00ed <span class=\"screen-reader-text\">Vytvo\u0159te si sv\u016fj web s bloky<\/span><\/a><\/p>\n","protected":false},"author":2,"featured_media":0,"parent":0,"menu_order":0,"comment_status":"closed","ping_status":"closed","template":"","meta":[],"_links":{"self":[{"href":"https:\/\/vedeckestopovacky.zcu.cz\/index.php\/wp-json\/wp\/v2\/pages\/6"}],"collection":[{"href":"https:\/\/vedeckestopovacky.zcu.cz\/index.php\/wp-json\/wp\/v2\/pages"}],"about":[{"href":"https:\/\/vedeckestopovacky.zcu.cz\/index.php\/wp-json\/wp\/v2\/types\/page"}],"author":[{"embeddable":true,"href":"https:\/\/vedeckestopovacky.zcu.cz\/index.php\/wp-json\/wp\/v2\/users\/2"}],"replies":[{"embeddable":true,"href":"https:\/\/vedeckestopovacky.zcu.cz\/index.php\/wp-json\/wp\/v2\/comments?post=6"}],"version-history":[{"count":2,"href":"https:\/\/vedeckestopovacky.zcu.cz\/index.php\/wp-json\/wp\/v2\/pages\/6\/revisions"}],"predecessor-version":[{"id":23,"href":"https:\/\/vedeckestopovacky.zcu.cz\/index.php\/wp-json\/wp\/v2\/pages\/6\/revisions\/23"}],"wp:attachment":[{"href":"https:\/\/vedeckestopovacky.zcu.cz\/index.php\/wp-json\/wp\/v2\/media?parent=6"}],"curies":[{"name":"wp","href":"https:\/\/api.w.org\/{rel}","templated":true}]}}